	{"id":597,"date":"2015-07-27T21:32:16","date_gmt":"2015-07-27T20:32:16","guid":{"rendered":"https:\/\/lamaisondutriskel.eu\/?page_id=597&#038;lang=fr"},"modified":"2026-01-26T10:51:31","modified_gmt":"2026-01-26T09:51:31","slug":"contact","status":"publish","type":"page","link":"https:\/\/www.lamaisondutriskel.eu\/fr\/contact\/","title":{"rendered":"Contact"},"content":{"rendered":"<h1>Contact<\/h1>\n<p><img decoding=\"async\" src=\"\/wp-content\/uploads\/2015\/07\/logo-web1.png\" alt=\"\"><\/p>\n<h1>Nous contacter<\/h1>\n<div>\n<p><strong>Jean-Philippe Paillard<\/strong><br \/><strong>&amp; Lucy Arbuckle<\/strong><br \/>9 rue d&rsquo;argentr\u00e9,<br \/>35370 Le Pertre<\/p>\n<\/div>\n<div>\n<p><span uk-icon=\"icon: receiver\"><\/span> <a class=\"uk-link-text\" href=\"tel:02 99 96 98 12\">02 99 96 98 12<\/a><br \/><span uk-icon=\"icon: phone\"><\/span> <a class=\"uk-link-text\" href=\"tel:06 37 67 26 84\">06 37 67 26 84<\/a><br \/><span uk-icon=\"icon: mail\"><\/span> <a class=\"uk-link-text\" href=\"mailto:info@lamaisondutriskel.eu\">info@lamaisondutriskel.eu<\/a><br \/><span uk-icon=\"icon: facebook\"><\/span><a href=\"https:\/\/www.facebook.com\/www.lamaisondutriskel.eu\/\" target=\"_blank\" rel=\"noopener\">facebook<\/a><\/p>\n<\/div>\n<h1>Tarifs<\/h1>\n<div>\n<p><strong>65\u20ac00 TTC la chambre par nuit, petit d\u00e9jeuner inclus.<\/strong><\/p>\n<\/div>\n<div>\n<p>48.0354,-1.03841<\/p>\n<h3>La maison du Triskel<\/h3>\n<div>\n<p>9 rue d&rsquo;argentr\u00e9<br \/>35370 Le Pertre<\/p>\n<\/div>\n<\/div>\n<h2>Formulaire de contact<\/h2>\n<div>Vous avez des questions, n&rsquo;\u00e9sitez pas \u00e0 nous contacter en remplissant le formulaire de contact.<\/div>\n<div>\n<div class=\"wpcf7 no-js\" id=\"wpcf7-f938-o1\" lang=\"fr-FR\" dir=\"ltr\" data-wpcf7-id=\"938\">\n<div class=\"screen-reader-response\"><p role=\"status\" aria-live=\"polite\" aria-atomic=\"true\"><\/p> <ul><\/ul><\/div>\n<form action=\"\/fr\/wp-json\/wp\/v2\/pages\/597\/#wpcf7-f938-o1\" method=\"post\" class=\"wpcf7-form init\" aria-label=\"Formulaire de contact\" novalidate=\"novalidate\" data-status=\"init\">\n<fieldset class=\"hidden-fields-container\"><input type=\"hidden\" name=\"_wpcf7\" value=\"938\" \/><input type=\"hidden\" name=\"_wpcf7_version\" value=\"6.1.4\" \/><input type=\"hidden\" name=\"_wpcf7_locale\" value=\"fr_FR\" \/><input type=\"hidden\" name=\"_wpcf7_unit_tag\" value=\"wpcf7-f938-o1\" \/><input type=\"hidden\" name=\"_wpcf7_container_post\" value=\"0\" \/><input type=\"hidden\" name=\"_wpcf7_posted_data_hash\" value=\"\" \/><input type=\"hidden\" name=\"_wpcf7_recaptcha_response\" value=\"\" \/>\n<\/fieldset>\n<p><label> Votre nom (*)<br \/>\n<span class=\"wpcf7-form-control-wrap\" data-name=\"your-name\"><input size=\"40\" maxlength=\"400\" class=\"wpcf7-form-control wpcf7-text wpcf7-validates-as-required uk-input\" aria-required=\"true\" aria-invalid=\"false\" value=\"\" type=\"text\" name=\"your-name\" \/><\/span> <\/label>\n<\/p>\n<p><label> Votre adresse de messagerie (*)<br \/>\n<span class=\"wpcf7-form-control-wrap\" data-name=\"your-email\"><input size=\"40\" maxlength=\"400\" class=\"wpcf7-form-control wpcf7-email wpcf7-validates-as-required wpcf7-text wpcf7-validates-as-email uk-input\" aria-required=\"true\" aria-invalid=\"false\" value=\"\" type=\"email\" name=\"your-email\" \/><\/span> <\/label>\n<\/p>\n<p><label> Objet (*)<br \/>\n<span class=\"wpcf7-form-control-wrap\" data-name=\"your-subject\"><input size=\"40\" maxlength=\"400\" class=\"wpcf7-form-control wpcf7-text wpcf7-validates-as-required uk-input\" aria-required=\"true\" aria-invalid=\"false\" value=\"\" type=\"text\" name=\"your-subject\" \/><\/span> <\/label>\n<\/p>\n<p><label> Votre message (*)<br \/>\n<span class=\"wpcf7-form-control-wrap\" data-name=\"your-message\"><textarea cols=\"40\" rows=\"10\" maxlength=\"2000\" class=\"wpcf7-form-control wpcf7-textarea wpcf7-validates-as-required uk-textarea\" aria-required=\"true\" aria-invalid=\"false\" name=\"your-message\"><\/textarea><\/span> <\/label>\n<\/p>\n\n<p><span class=\"wpcf7-form-control-wrap\" data-name=\"acceptance-rgpd\"><span class=\"wpcf7-form-control wpcf7-acceptance\"><span class=\"wpcf7-list-item\"><label><input type=\"checkbox\" name=\"acceptance-rgpd\" value=\"1\" aria-invalid=\"false\" \/><span class=\"wpcf7-list-item-label\">J'ai pris connaissance et j'accepte <a href=\"\/fr\/politique-de-confidentialite\/\" target=_blank>la politique de confidentialit\u00e9<\/a><\/span><\/label><\/span><\/span><\/span>\n<\/p>\n<p><input class=\"wpcf7-form-control wpcf7-submit has-spinner uk-button uk-button-primary\" type=\"submit\" value=\"Envoyer\" \/>\n<\/p>\n<p><small><i>(*) Champ obligatoire<\/i><\/small>\n<\/p><p style=\"display: none !important;\" class=\"akismet-fields-container\" data-prefix=\"_wpcf7_ak_\"><label>&#916;<textarea name=\"_wpcf7_ak_hp_textarea\" cols=\"45\" rows=\"8\" maxlength=\"100\"><\/textarea><\/label><input type=\"hidden\" id=\"ak_js_1\" name=\"_wpcf7_ak_js\" value=\"76\"\/><script>document.getElementById( \"ak_js_1\" ).setAttribute( \"value\", ( new Date() ).getTime() );<\/script><\/p><div class=\"wpcf7-response-output\" aria-hidden=\"true\"><\/div>\n<\/form>\n<\/div>\n<\/div>\n<h2>Follow Us on Facebook<\/h2>\n<p><!--more--><br \/>\n<!-- {\"name\":\"Contact\",\"type\":\"layout\",\"children\":[{\"type\":\"section\",\"props\":{\"css\":\"@media (min-width: 960px) {\\n    .el-section > div  {\\n        padding-top: 150px;\\n        padding-bottom: 150px;\\n    }\\n}\",\"header_transparent_noplaceholder\":true,\"image\":\"wp-content\\\/uploads\\\/2016\\\/08\\\/maisondutriskel-02.jpg\",\"image_position\":\"center-center\",\"image_size\":\"cover\",\"image_width\":\"1840\",\"padding\":\"xsmall\",\"style\":\"default\",\"text_color\":\"light\",\"title_breakpoint\":\"xl\",\"title_position\":\"top-left\",\"title_rotation\":\"left\",\"vertical_align\":\"\",\"width\":\"\"},\"children\":[{\"type\":\"row\",\"children\":[{\"type\":\"column\",\"props\":{\"image_position\":\"center-center\",\"position_sticky_breakpoint\":\"m\",\"width_medium\":\"1-1\"},\"children\":[{\"type\":\"headline\",\"props\":{\"content\":\"Contact\",\"text_align\":\"center\",\"title_element\":\"h1\",\"title_style\":\"heading-large\"}}]}]}],\"name\":\"Hero\"},{\"type\":\"section\",\"props\":{\"image_position\":\"center-center\",\"padding\":\"large\",\"style\":\"default\",\"title_breakpoint\":\"xl\",\"title_position\":\"top-left\",\"title_rotation\":\"left\",\"vertical_align\":\"\",\"width\":\"default\"},\"children\":[{\"type\":\"row\",\"props\":{\"layout\":\"1-2,1-2\"},\"children\":[{\"type\":\"column\",\"props\":{\"image_position\":\"center-center\",\"position_sticky_breakpoint\":\"m\",\"width_medium\":\"1-2\"},\"children\":[{\"type\":\"image\",\"props\":{\"image\":\"wp-content\\\/uploads\\\/2015\\\/07\\\/logo-web1.png\",\"image_svg_color\":\"emphasis\",\"margin\":\"default\"}}]},{\"type\":\"column\",\"props\":{\"image_position\":\"center-center\",\"position_sticky_breakpoint\":\"m\",\"width_medium\":\"1-2\"},\"children\":[{\"type\":\"headline\",\"props\":{\"content\":\"Nous contacter\",\"maxwidth\":\"large\",\"position\":\"relative\",\"position_z_index\":\"1\",\"text_align\":\"left\",\"text_align_breakpoint\":\"s\",\"text_align_fallback\":\"center\",\"title_element\":\"h1\",\"title_style\":\"h3\"}}]}]},{\"type\":\"row\",\"props\":{\"layout\":\"1-2,1-4,1-4|1-1,1-2,1-2\",\"margin\":\"medium\",\"margin_remove_bottom\":false},\"children\":[{\"type\":\"column\",\"props\":{\"image_position\":\"center-center\",\"position_sticky_breakpoint\":\"m\",\"width_medium\":\"1-2\",\"width_small\":\"1-1\"}},{\"type\":\"column\",\"props\":{\"image_position\":\"center-center\",\"position_sticky_breakpoint\":\"m\",\"width_medium\":\"1-4\",\"width_small\":\"1-2\"},\"children\":[{\"type\":\"text\",\"props\":{\"column_breakpoint\":\"m\",\"content\":\"\n\n<p><strong>Jean-Philippe Paillard<\\\/strong><br \\\/><strong>&amp; Lucy Arbuckle<\\\/strong><br \\\/>9 rue d'argentr\\u00e9,<br \\\/>35370 Le Pertre<\\\/p>\",\"margin\":\"default\",\"position\":\"relative\",\"position_z_index\":\"1\",\"text_align\":\"left\",\"text_align_breakpoint\":\"s\",\"text_align_fallback\":\"center\"}}]},{\"type\":\"column\",\"props\":{\"image_position\":\"center-center\",\"position_sticky_breakpoint\":\"m\",\"width_medium\":\"1-4\",\"width_small\":\"1-2\"},\"children\":[{\"type\":\"text\",\"props\":{\"column_breakpoint\":\"m\",\"content\":\"\n\n<p><span uk-icon=\\\"icon: receiver\\\"><\\\/span> <a class=\\\"uk-link-text\\\" href=\\\"tel:02 99 96 98 12\\\">02 99 96 98 12<\\\/a><br \\\/><span uk-icon=\\\"icon: phone\\\"><\\\/span> <a class=\\\"uk-link-text\\\" href=\\\"tel:06 37 67 26 84\\\">06 37 67 26 84<\\\/a><br \\\/><span uk-icon=\\\"icon: mail\\\"><\\\/span> <a class=\\\"uk-link-text\\\" href=\\\"mailto:info@lamaisondutriskel.eu\\\">info@lamaisondutriskel.eu<\\\/a><br \\\/><span uk-icon=\\\"icon: facebook\\\"><\\\/span><a href=\\\"https:\\\/\\\/www.facebook.com\\\/www.lamaisondutriskel.eu\\\/\\\" target=\\\"_blank\\\" rel=\\\"noopener\\\">facebook<\\\/a><\\\/p>\",\"margin\":\"default\",\"position\":\"relative\",\"position_z_index\":\"1\",\"text_align\":\"left\",\"text_align_breakpoint\":\"s\",\"text_align_fallback\":\"center\"}}]}]},{\"type\":\"row\",\"props\":{\"layout\":\"1-2,1-2\"},\"children\":[{\"type\":\"column\",\"props\":{\"image_position\":\"center-center\",\"position_sticky_breakpoint\":\"m\",\"width_medium\":\"1-2\"}},{\"type\":\"column\",\"props\":{\"image_position\":\"center-center\",\"position_sticky_breakpoint\":\"m\",\"width_medium\":\"1-2\"},\"children\":[{\"type\":\"headline\",\"props\":{\"content\":\"Tarifs\",\"maxwidth\":\"large\",\"position\":\"relative\",\"position_z_index\":\"1\",\"text_align\":\"left\",\"text_align_breakpoint\":\"s\",\"text_align_fallback\":\"center\",\"title_element\":\"h1\",\"title_style\":\"h3\"}},{\"type\":\"text\",\"props\":{\"column_breakpoint\":\"m\",\"content\":\"\n\n<p><strong>65\\u20ac00 TTC la chambre par nuit, petit d\\u00e9jeuner inclus.<\\\/strong><\\\/p>\",\"margin\":\"default\",\"position\":\"relative\",\"position_z_index\":\"1\",\"text_align\":\"left\",\"text_align_breakpoint\":\"s\",\"text_align_fallback\":\"center\"}}]}]},{\"type\":\"row\",\"props\":{\"margin\":\"xlarge\"},\"children\":[{\"type\":\"column\",\"props\":{\"image_position\":\"center-center\",\"position_sticky_breakpoint\":\"m\",\"width_medium\":\"1-1\"},\"children\":[{\"type\":\"map\",\"props\":{\"controls\":false,\"dragging\":true,\"height\":\"500\",\"image_svg_color\":\"emphasis\",\"link_style\":\"default\",\"link_text\":\"Read more\",\"margin\":\"\",\"max_zoom\":18,\"meta_align\":\"below-title\",\"meta_element\":\"div\",\"meta_style\":\"text-meta\",\"min_zoom\":0,\"poi\":false,\"show_content\":true,\"show_image\":true,\"show_link\":true,\"show_meta\":true,\"show_title\":true,\"styler_hue\":\"#EBEEF0\",\"styler_lightness\":\"20\",\"styler_saturation\":\"-70\",\"title_element\":\"h3\",\"title_hover_style\":\"reset\",\"type\":\"roadmap\",\"zoom\":\"14\",\"zooming\":true},\"children\":[{\"type\":\"map_item\",\"props\":{\"content\":\"\n\n<p>9 rue d'argentr\\u00e9<br \\\/>35370 Le Pertre<\\\/p>\",\"location\":\"48.0354,-1.03841\",\"title\":\"La maison du Triskel\"}}]}]}]},{\"type\":\"row\",\"props\":{\"column_gap\":\"large\",\"layout\":\"1-2,1-2\",\"row_gap\":\"large\"},\"children\":[{\"type\":\"column\",\"props\":{\"image_position\":\"center-center\",\"position_sticky_breakpoint\":\"m\",\"width_medium\":\"1-2\"},\"children\":[{\"type\":\"headline\",\"props\":{\"content\":\"Formulaire de contact\",\"text_align\":\"left\",\"text_align_breakpoint\":\"s\",\"text_align_fallback\":\"center\",\"title_element\":\"h2\",\"title_style\":\"h4\"}},{\"type\":\"text\",\"props\":{\"block_align_breakpoint\":\"s\",\"block_align_fallback\":\"center\",\"column_breakpoint\":\"m\",\"content\":\"Vous avez des questions, n'\\u00e9sitez pas \\u00e0 nous contacter en remplissant le formulaire de contact.\",\"margin\":\"large\",\"margin_remove_top\":true,\"maxwidth\":\"large\",\"text_align\":\"left\",\"text_align_breakpoint\":\"s\",\"text_align_fallback\":\"center\"}}]},{\"type\":\"column\",\"props\":{\"image_position\":\"center-center\",\"position_sticky_breakpoint\":\"m\",\"width_medium\":\"1-2\"},\"children\":[{\"type\":\"text\",\"props\":{\"column_breakpoint\":\"m\",\"content\":\"[contact-form-7 id=\\\"938\\\" title=\\\"Formulaire de contact 1\\\"]\",\"margin\":\"default\"}}]}]}],\"name\":\"Contact\"},{\"type\":\"section\",\"props\":{\"image_position\":\"center-center\",\"padding_remove_bottom\":true,\"style\":\"default\",\"title_breakpoint\":\"xl\",\"title_position\":\"top-left\",\"title_rotation\":\"left\",\"vertical_align\":\"\",\"width\":\"\"},\"children\":[{\"type\":\"row\",\"children\":[{\"type\":\"column\",\"props\":{\"image_position\":\"center-center\",\"position_sticky_breakpoint\":\"m\",\"width_medium\":\"1-1\"},\"children\":[{\"type\":\"headline\",\"props\":{\"content\":\"Follow Us on Facebook\",\"margin\":\"medium\",\"text_align\":\"center\",\"title_element\":\"h2\",\"title_style\":\"h5\"}}]}]}],\"name\":\"Instagram\"}],\"version\":\"4.5.32\"} --><\/p>\n","protected":false},"excerpt":{"rendered":"<p>Contact Nous contacter Jean-Philippe Paillard&amp; Lucy Arbuckle9 rue d&rsquo;argentr\u00e9,35370 Le Pertre 02 99 96 98 12 06 37 67 26 84 info@lamaisondutriskel.eufacebook Tarifs 65\u20ac00 TTC la chambre par nuit, petit d\u00e9jeuner inclus. 48.0354,-1.03841 La maison du Triskel 9 rue d&rsquo;argentr\u00e935370 Le Pertre Formulaire de contact Vous avez des questions, n&rsquo;\u00e9sitez pas \u00e0 nous contacter en [&hellip;]<\/p>\n","protected":false},"author":1,"featured_media":0,"parent":0,"menu_order":4,"comment_status":"closed","ping_status":"open","template":"","meta":{"footnotes":""},"class_list":["post-597","page","type-page","status-publish","hentry"],"aioseo_notices":[],"_links":{"self":[{"href":"https:\/\/www.lamaisondutriskel.eu\/fr\/wp-json\/wp\/v2\/pages\/597\/"}],"collection":[{"href":"https:\/\/www.lamaisondutriskel.eu\/fr\/wp-json\/wp\/v2\/pages\/"}],"about":[{"href":"https:\/\/www.lamaisondutriskel.eu\/fr\/wp-json\/wp\/v2\/types\/page\/"}],"author":[{"embeddable":true,"href":"https:\/\/www.lamaisondutriskel.eu\/fr\/wp-json\/wp\/v2\/users\/1\/"}],"replies":[{"embeddable":true,"href":"https:\/\/www.lamaisondutriskel.eu\/fr\/wp-json\/wp\/v2\/comments\/?post=597"}],"version-history":[{"count":29,"href":"https:\/\/www.lamaisondutriskel.eu\/fr\/wp-json\/wp\/v2\/pages\/597\/revisions\/"}],"predecessor-version":[{"id":1328,"href":"https:\/\/www.lamaisondutriskel.eu\/fr\/wp-json\/wp\/v2\/pages\/597\/revisions\/1328\/"}],"wp:attachment":[{"href":"https:\/\/www.lamaisondutriskel.eu\/fr\/wp-json\/wp\/v2\/media\/?parent=597"}],"curies":[{"name":"wp","href":"https:\/\/api.w.org\/{rel}","templated":true}]}}